{"id":18,"date":"2024-11-11T22:03:24","date_gmt":"2024-11-11T21:03:24","guid":{"rendered":"https:\/\/fr.coachkatia.be\/?page_id=18"},"modified":"2025-01-31T10:31:01","modified_gmt":"2025-01-31T09:31:01","slug":"faites-le-premier-pas-vers-une-carriere-epanouissante-je-suis-la-pour-vous-guider","status":"publish","type":"page","link":"https:\/\/fr.coachkatia.be\/","title":{"rendered":"Bienvenue chez Katia : votre partenaire en coaching de carri\u00e8re, de RH et d&rsquo;administration !"},"content":{"rendered":"\n<p class=\"has-text-align-center has-system-serif-font-family has-medium-font-size\" style=\"padding-top:0;padding-right:0;padding-bottom:0;padding-left:0\"><strong>\u00cates-vous pr\u00eat \u00e0 donner un nouvel \u00e9lan \u00e0 votre vie professionnelle ?<br>Ou avez-vous besoin de support pour votre administration d&rsquo;entreprise ou vos processus de ressources humaines ?<br>En faisant appel \u00e0 Katia, vous avez frapp\u00e9 \u00e0 la bonne porte !<\/strong><\/p>\n\n\n\n<div class=\"wp-block-media-text is-stacked-on-mobile\" style=\"grid-template-columns:40% auto\"><figure class=\"wp-block-media-text__media\"><img loading=\"lazy\" decoding=\"async\" width=\"768\" height=\"1024\" src=\"https:\/\/fr.coachkatia.be\/wp-content\/uploads\/2024\/11\/Katia-Alaerts-3-768x1024.jpg\" alt=\"Katia\" class=\"wp-image-21 size-full\" srcset=\"https:\/\/fr.coachkatia.be\/wp-content\/uploads\/2024\/11\/Katia-Alaerts-3-768x1024.jpg 768w, https:\/\/fr.coachkatia.be\/wp-content\/uploads\/2024\/11\/Katia-Alaerts-3-225x300.jpg 225w, https:\/\/fr.coachkatia.be\/wp-content\/uploads\/2024\/11\/Katia-Alaerts-3-1152x1536.jpg 1152w, https:\/\/fr.coachkatia.be\/wp-content\/uploads\/2024\/11\/Katia-Alaerts-3-1536x2048.jpg 1536w, https:\/\/fr.coachkatia.be\/wp-content\/uploads\/2024\/11\/Katia-Alaerts-3-scaled.jpg 1920w\" sizes=\"auto, (max-width: 768px) 100vw, 768px\" \/><\/figure><div class=\"wp-block-media-text__content\">\n<p class=\"has-system-serif-font-family has-large-font-size\"><strong>Qui suis-je ?<\/strong><\/p>\n\n\n\n<p class=\"has-system-serif-font-family has-medium-font-size\">Je suis Katia, <strong>coach de carri\u00e8re<\/strong> passionn\u00e9e et <strong>experte <\/strong>ind\u00e9pendante <strong>en RH et administration<\/strong>.<br>Avec une exp\u00e9rience en RH, administration et coaching, <strong>j&rsquo;aide les individus et les entreprises<\/strong> \u00e0 atteindre leurs objectifs et \u00e0 se d\u00e9velopper.<\/p>\n<\/div><\/div>\n\n\n\n<p class=\"has-system-serif-font-family has-large-font-size\"><strong>Comment puis-je vous aider ?<\/strong><\/p>\n\n\n\n<p class=\"has-system-serif-font-family has-medium-font-size\" style=\"padding-right:0;padding-left:0\"><\/p>\n\n\n\n<figure class=\"wp-block-table is-style-stripes has-system-serif-font-family has-medium-font-size\"><table class=\"has-fixed-layout\"><thead><tr><th><a href=\"https:\/\/fr.coachkatia.be\/?page_id=71\" data-type=\"page\" data-id=\"71\">Coaching de carri\u00e8re<\/a><\/th><th><a href=\"https:\/\/fr.coachkatia.be\/?page_id=183\" data-type=\"page\" data-id=\"183\">RH &amp; administration<\/a><\/th><\/tr><\/thead><tbody><tr><td>D\u00e9couvrez ce qui vous rend vraiment heureux dans votre travail et prenez les d\u00e9cisions qui vous conviennent.<\/td><td>Des solutions et un soutien efficaces pour votre entreprise. De la gestion du personnel \u00e0 l&rsquo;administration.<\/td><\/tr><\/tbody><\/table><\/figure>\n\n\n\n<h2 class=\"wp-block-heading has-text-align-left has-system-serif-font-family has-large-font-size\"><strong>Pourquoi choisir Katia ?<\/strong><\/h2>\n\n\n\n<p class=\"has-system-serif-font-family has-medium-font-size\">Gr\u00e2ce \u00e0 mon <strong>approche personnelle<\/strong> et \u00e0 mes <strong>ann\u00e9es d&rsquo;exp\u00e9rience<\/strong> dans diff\u00e9rents domaines, je garantis <strong>la qualit\u00e9 et l&rsquo;engagement<\/strong>. Que vous souhaitiez suivre un trajet individuel ou que vous soyez \u00e0 la recherche d&rsquo;un soutien professionnel, je serais heureuse de vous accompagner dans votre projet.<\/p>\n\n\n\n<p class=\"has-system-serif-font-family has-large-font-size\"><strong>Travailler ensemble ?<\/strong><\/p>\n\n\n\n<p class=\"has-system-serif-font-family has-medium-font-size\">N&rsquo;h\u00e9sitez pas \u00e0 me contacter via ma <a href=\"https:\/\/fr.coachkatia.be\/?page_id=44\" data-type=\"page\" data-id=\"44\">page de contact<\/a> ou \u00e0 en d\u00e9couvrir davantage sur mon site web !<\/p>\n\n\n\n<div class=\"wp-block-group is-content-justification-center is-nowrap is-layout-flex wp-container-core-group-is-layout-23441af8 wp-block-group-is-layout-flex\">\n<div class=\"wp-block-buttons is-content-justification-center is-layout-flex wp-container-core-buttons-is-layout-a89b3969 wp-block-buttons-is-layout-flex\">\n<div class=\"wp-block-button has-custom-font-size has-system-serif-font-family has-medium-font-size\" style=\"font-style:normal;font-weight:800\"><a class=\"wp-block-button__link has-contrast-color has-accent-4-background-color has-text-color has-background has-link-color wp-element-button\" href=\"https:\/\/fr.coachkatia.be\/?page_id=44\" style=\"padding-top:var(--wp--preset--spacing--10);padding-right:var(--wp--preset--spacing--10);padding-bottom:var(--wp--preset--spacing--10);padding-left:var(--wp--preset--spacing--10)\">Plus d&rsquo;infos sur le coaching de carri\u00e8re<\/a><\/div>\n<\/div>\n\n\n\n<div class=\"wp-block-buttons is-content-justification-center is-layout-flex wp-container-core-buttons-is-layout-a89b3969 wp-block-buttons-is-layout-flex\">\n<div class=\"wp-block-button has-custom-font-size has-system-serif-font-family has-medium-font-size\" style=\"font-style:normal;font-weight:800\"><a class=\"wp-block-button__link has-contrast-color has-accent-4-background-color has-text-color has-background has-link-color wp-element-button\" href=\"https:\/\/fr.coachkatia.be\/?page_id=183\" style=\"padding-top:var(--wp--preset--spacing--10);padding-right:var(--wp--preset--spacing--10);padding-bottom:var(--wp--preset--spacing--10);padding-left:var(--wp--preset--spacing--10)\">Plus d&rsquo;infos sur les services RH et administratifs<\/a><\/div>\n<\/div>\n<\/div>\n","protected":false},"excerpt":{"rendered":"<p>\u00cates-vous pr\u00eat \u00e0 donner un nouvel \u00e9lan \u00e0 votre vie professionnelle ?Ou avez-vous besoin de support pour votre administration d&rsquo;entreprise ou vos processus de ressources humaines ?En faisant appel \u00e0 Katia, vous avez frapp\u00e9 \u00e0 la bonne porte ! Qui suis-je ? Je suis Katia, coach de carri\u00e8re passionn\u00e9e et experte ind\u00e9pendante en RH et [&hellip;]<\/p>\n","protected":false},"author":1,"featured_media":0,"parent":0,"menu_order":0,"comment_status":"closed","ping_status":"closed","template":"","meta":{"footnotes":""},"class_list":["post-18","page","type-page","status-publish","hentry"],"jetpack_sharing_enabled":true,"_links":{"self":[{"href":"https:\/\/fr.coachkatia.be\/index.php?rest_route=\/wp\/v2\/pages\/18","targetHints":{"allow":["GET"]}}],"collection":[{"href":"https:\/\/fr.coachkatia.be\/index.php?rest_route=\/wp\/v2\/pages"}],"about":[{"href":"https:\/\/fr.coachkatia.be\/index.php?rest_route=\/wp\/v2\/types\/page"}],"author":[{"embeddable":true,"href":"https:\/\/fr.coachkatia.be\/index.php?rest_route=\/wp\/v2\/users\/1"}],"replies":[{"embeddable":true,"href":"https:\/\/fr.coachkatia.be\/index.php?rest_route=%2Fwp%2Fv2%2Fcomments&post=18"}],"version-history":[{"count":28,"href":"https:\/\/fr.coachkatia.be\/index.php?rest_route=\/wp\/v2\/pages\/18\/revisions"}],"predecessor-version":[{"id":206,"href":"https:\/\/fr.coachkatia.be\/index.php?rest_route=\/wp\/v2\/pages\/18\/revisions\/206"}],"wp:attachment":[{"href":"https:\/\/fr.coachkatia.be\/index.php?rest_route=%2Fwp%2Fv2%2Fmedia&parent=18"}],"curies":[{"name":"wp","href":"https:\/\/api.w.org\/{rel}","templated":true}]}}