{"id":183,"date":"2025-01-10T17:23:19","date_gmt":"2025-01-10T16:23:19","guid":{"rendered":"https:\/\/fr.coachkatia.be\/?page_id=183"},"modified":"2025-02-13T13:43:12","modified_gmt":"2025-02-13T12:43:12","slug":"expertise-en-matiere-de-rh-et-dadministration-soutien-professionnel-sur-mesure","status":"publish","type":"page","link":"https:\/\/fr.coachkatia.be\/?page_id=183","title":{"rendered":"Expertise RH et Admin"},"content":{"rendered":"\n<p class=\"has-system-serif-font-family has-large-font-size\"><strong>Votre partenaire pour un soutien efficace et des conseils professionnels en ressources humaines et administration.<\/strong><\/p>\n\n\n\n<p class=\"has-system-serif-font-family has-large-font-size\"><strong>A propos de moi<\/strong><\/p>\n\n\n\n<p class=\"has-system-serif-font-family has-medium-font-size\">Avec plus de 20 ans d&rsquo;exp\u00e9rience en gestion administration et plus de 4 ans d&rsquo;expertise en ressources humaines, j\u2019apporte un soutien qui fait r\u00e9ellement la diff\u00e9rence. Mon objectif est d\u2019optimiser vos processus, de renforcer vos \u00e9quipes et de vous d\u00e9charger des t\u00e2ches op\u00e9rationnelles et strat\u00e9giques.<\/p>\n\n\n\n<p class=\"has-system-serif-font-family has-medium-font-size\">Mon exp\u00e9rience comprend :<\/p>\n\n\n\n<ul class=\"wp-block-list\">\n<li class=\"has-system-serif-font-family has-medium-font-size\"><strong>Soutien RH :<\/strong> recrutement, onboarding, administration du personnel et bien-\u00eatre au travail.<\/li>\n\n\n\n<li class=\"has-system-serif-font-family has-medium-font-size\"><strong>Processus administratifs :<\/strong> optimisation des flux de travail, gestion documentaire et gestion de projets<\/li>\n\n\n\n<li class=\"has-system-serif-font-family has-medium-font-size\"><strong>Communication :<\/strong> coordination de la communication interne et externe, organisation d\u2019\u00e9v\u00e9nements d\u2019\u00e9quipe et pour les clients.<\/li>\n\n\n\n<li class=\"has-system-serif-font-family has-medium-font-size\"><strong>Comp\u00e9tences num\u00e9riques :<\/strong> ma\u00eetrise de divers outils RH, syst\u00e8mes CRM et Office 365.<\/li>\n<\/ul>\n\n\n\n<p class=\"has-system-serif-font-family has-medium-font-size\">Consultez mon parcours professionnel complet sur <a href=\"https:\/\/www.linkedin.com\/in\/katia-alaerts-b489ba109\/\" target=\"_blank\" rel=\"noreferrer noopener\">LinkedIn<\/a>.<\/p>\n\n\n\n<p class=\"has-system-serif-font-family has-large-font-size\"><strong>Services propos\u00e9s<\/strong><\/p>\n\n\n\n<p class=\"has-system-serif-font-family has-medium-font-size\">Je propose une large gamme de services, adapt\u00e9s aux besoins sp\u00e9cifiques de votre organisation :<\/p>\n\n\n\n<p class=\"has-system-serif-font-family has-medium-font-size\"><strong>Support RH<\/strong><\/p>\n\n\n\n<ul class=\"wp-block-list\">\n<li class=\"has-system-serif-font-family has-medium-font-size\">Recrutement et s\u00e9lection : de la r\u00e9daction des offres d\u2019emploi \u00e0 l\u2019embauche.<\/li>\n\n\n\n<li class=\"has-system-serif-font-family has-medium-font-size\">Onboarding : accompagnement des nouveaux collaborateurs pour une int\u00e9gration r\u00e9ussie.<\/li>\n\n\n\n<li class=\"has-system-serif-font-family has-medium-font-size\">Administration du personnel : gestion des contrats, des cong\u00e9s et support pour la paie.<\/li>\n\n\n\n<li class=\"has-system-serif-font-family has-medium-font-size\">Conseil personnalis\u00e9 : initiatives pour le bien-\u00eatre et strat\u00e9gies de fid\u00e9lisation des talents.<\/li>\n<\/ul>\n\n\n\n<p class=\"has-system-serif-font-family has-medium-font-size\"><strong>Support administratif<\/strong><\/p>\n\n\n\n<ul class=\"wp-block-list\">\n<li class=\"has-system-serif-font-family has-medium-font-size\">Gestion documentaire : mise en place et maintenance de syst\u00e8mes efficaces.<\/li>\n\n\n\n<li class=\"has-system-serif-font-family has-medium-font-size\">Coordination de projets : assistance pour les \u00e9v\u00e9nements, les rapports et le respect des \u00e9ch\u00e9ances.<\/li>\n<\/ul>\n\n\n\n<p class=\"has-system-serif-font-family has-medium-font-size\"><strong>Optimisation des processus<\/strong><\/p>\n\n\n\n<ul class=\"wp-block-list\">\n<li class=\"has-system-serif-font-family has-medium-font-size\">Analyse et simplification des flux de travail administratifs.<\/li>\n\n\n\n<li class=\"has-system-serif-font-family has-medium-font-size\">Impl\u00e9mentation d\u2019outils num\u00e9riques pour am\u00e9liorer l\u2019efficacit\u00e9.<\/li>\n<\/ul>\n\n\n\n<p class=\"has-system-serif-font-family has-medium-font-size\"><strong>Missions ponctuelles<\/strong><\/p>\n\n\n\n<ul class=\"wp-block-list\">\n<li class=\"has-system-serif-font-family has-medium-font-size\">Soutien temporaire pendant les p\u00e9riodes de forte activit\u00e9 ou d\u2019absence de personnel.<\/li>\n\n\n\n<li class=\"has-system-serif-font-family has-medium-font-size\">Disponibilit\u00e9 flexible en fonction de vos besoins.<\/li>\n<\/ul>\n\n\n\n<p class=\"has-system-serif-font-family has-large-font-size\"><strong>Pourquoi collaborer avec moi ?<\/strong><\/p>\n\n\n\n<ul class=\"wp-block-list\">\n<li class=\"has-system-serif-font-family has-medium-font-size\"><strong>Exp\u00e9rience :<\/strong> plus de 20 ans d\u2019expertise dans divers secteurs, avec une combinaison unique d\u2019analyse strat\u00e9gique et de mise en \u0153uvre pratique.<\/li>\n\n\n\n<li class=\"has-system-serif-font-family has-medium-font-size\"><strong>Flexibilit\u00e9 :<\/strong> services enti\u00e8rement adaptables, pour des projets de courte ou longue dur\u00e9e.<\/li>\n\n\n\n<li class=\"has-system-serif-font-family has-medium-font-size\"><strong>Fiabilit\u00e9 :<\/strong> une approche professionnelle avec une attention particuli\u00e8re aux d\u00e9tails et \u00e0 la qualit\u00e9.<\/li>\n<\/ul>\n\n\n\n<p class=\"has-system-serif-font-family has-large-font-size\"><strong>Informations pratiques<\/strong><\/p>\n\n\n\n<p class=\"has-system-serif-font-family has-medium-font-size\">Lors d&rsquo;un entretien pr\u00e9liminaire, nous discuterons de vos besoins sp\u00e9cifiques et \u00e9laborerons un plan d\u2019action.<\/p>\n\n\n\n<ul class=\"wp-block-list\">\n<li class=\"has-system-serif-font-family has-medium-font-size\"><strong>Facturation :<\/strong> mes services sont factur\u00e9s <strong>mensuellement <\/strong>en fonction des prestations fournies ou des heures travaill\u00e9es.<\/li>\n\n\n\n<li class=\"has-system-serif-font-family has-medium-font-size\"><strong>D\u00e9lai de paiement :<\/strong> les factures doivent \u00eatre r\u00e9gl\u00e9es dans un d\u00e9lai de <strong>14 jours<\/strong> apr\u00e8s leur date d\u2019\u00e9mission.<\/li>\n\n\n\n<li class=\"has-system-serif-font-family has-medium-font-size\"><strong>Tarif :<\/strong> contactez-moi pour un plan tarifaire sur mesure.<\/li>\n<\/ul>\n\n\n\n<p class=\"has-system-serif-font-family has-large-font-size\"><strong>Contactez-moi<\/strong><\/p>\n\n\n\n<p class=\"has-system-serif-font-family has-medium-font-size\">Vous recherchez une <strong>professionnelle exp\u00e9riment\u00e9e<\/strong> pour vos besoins RH et administratifs ? Contactez-moi via ma <a href=\"https:\/\/fr.coachkatia.be\/?page_id=44\" data-type=\"page\" data-id=\"44\">page de contact<\/a>. Ensemble, nous d\u00e9terminerons comment je peux soutenir votre organisation.<\/p>\n","protected":false},"excerpt":{"rendered":"<p>Votre partenaire pour un soutien efficace et des conseils professionnels en ressources humaines et administration. A propos de moi Avec plus de 20 ans d&rsquo;exp\u00e9rience en gestion administration et plus de 4 ans d&rsquo;expertise en ressources humaines, j\u2019apporte un soutien qui fait r\u00e9ellement la diff\u00e9rence. Mon objectif est d\u2019optimiser vos processus, de renforcer vos \u00e9quipes [&hellip;]<\/p>\n","protected":false},"author":1,"featured_media":0,"parent":0,"menu_order":0,"comment_status":"closed","ping_status":"closed","template":"","meta":{"footnotes":""},"class_list":["post-183","page","type-page","status-publish","hentry"],"jetpack_sharing_enabled":true,"_links":{"self":[{"href":"https:\/\/fr.coachkatia.be\/index.php?rest_route=\/wp\/v2\/pages\/183","targetHints":{"allow":["GET"]}}],"collection":[{"href":"https:\/\/fr.coachkatia.be\/index.php?rest_route=\/wp\/v2\/pages"}],"about":[{"href":"https:\/\/fr.coachkatia.be\/index.php?rest_route=\/wp\/v2\/types\/page"}],"author":[{"embeddable":true,"href":"https:\/\/fr.coachkatia.be\/index.php?rest_route=\/wp\/v2\/users\/1"}],"replies":[{"embeddable":true,"href":"https:\/\/fr.coachkatia.be\/index.php?rest_route=%2Fwp%2Fv2%2Fcomments&post=183"}],"version-history":[{"count":13,"href":"https:\/\/fr.coachkatia.be\/index.php?rest_route=\/wp\/v2\/pages\/183\/revisions"}],"predecessor-version":[{"id":213,"href":"https:\/\/fr.coachkatia.be\/index.php?rest_route=\/wp\/v2\/pages\/183\/revisions\/213"}],"wp:attachment":[{"href":"https:\/\/fr.coachkatia.be\/index.php?rest_route=%2Fwp%2Fv2%2Fmedia&parent=183"}],"curies":[{"name":"wp","href":"https:\/\/api.w.org\/{rel}","templated":true}]}}