{"id":44,"date":"2024-11-12T20:08:50","date_gmt":"2024-11-12T19:08:50","guid":{"rendered":"https:\/\/fr.coachkatia.be\/?page_id=44"},"modified":"2025-01-10T13:51:23","modified_gmt":"2025-01-10T12:51:23","slug":"contactez-moi","status":"publish","type":"page","link":"https:\/\/fr.coachkatia.be\/?page_id=44","title":{"rendered":"Contactez Katia"},"content":{"rendered":"\n<div class=\"wp-block-media-text has-media-on-the-right is-stacked-on-mobile\" style=\"grid-template-columns:auto 29%\"><div class=\"wp-block-media-text__content\">\n<p class=\"has-system-serif-font-family has-medium-font-size\">\u00cates-vous pr\u00eat \u00e0 franchir une nouvelle \u00e9tape dans votre carri\u00e8re, votre entreprise ou votre d\u00e9veloppement personnel ? Ou avez-vous des questions sur mes services ? N&rsquo;h\u00e9sitez pas \u00e0 me contacter !<\/p>\n<\/div><figure class=\"wp-block-media-text__media\"><img loading=\"lazy\" decoding=\"async\" width=\"768\" height=\"1024\" src=\"https:\/\/fr.coachkatia.be\/wp-content\/uploads\/2024\/11\/Katia-Alaerts-2-768x1024.jpg\" alt=\"Katia\" class=\"wp-image-45 size-full\" srcset=\"https:\/\/fr.coachkatia.be\/wp-content\/uploads\/2024\/11\/Katia-Alaerts-2-768x1024.jpg 768w, https:\/\/fr.coachkatia.be\/wp-content\/uploads\/2024\/11\/Katia-Alaerts-2-225x300.jpg 225w, https:\/\/fr.coachkatia.be\/wp-content\/uploads\/2024\/11\/Katia-Alaerts-2-1152x1536.jpg 1152w, https:\/\/fr.coachkatia.be\/wp-content\/uploads\/2024\/11\/Katia-Alaerts-2-1536x2048.jpg 1536w, https:\/\/fr.coachkatia.be\/wp-content\/uploads\/2024\/11\/Katia-Alaerts-2-scaled.jpg 1920w\" sizes=\"auto, (max-width: 768px) 100vw, 768px\" \/><\/figure><\/div>\n\n\n\n<p class=\"has-system-serif-font-family has-large-font-size\">O\u00f9 me trouver ?<\/p>\n\n\n\n<p class=\"has-system-serif-font-family has-medium-font-size\">Je travaille depuis Overijse et propose des sessions en personne ou en ligne. Que vous soyez un particulier ou une entreprise, j&rsquo;adapte mon approche \u00e0 vos besoins.<\/p>\n\n\n\n<p class=\"has-system-serif-font-family has-medium-font-size\"><strong>N&rsquo;h\u00e9sitez pas \u00e0 prendre contact &#8211; le premier pas est souvent le plus important !<\/strong><\/p>\n\n\n\n<p class=\"has-system-serif-font-family has-large-font-size\">Formulaire de contact<\/p>\n\n\n\n<p class=\"has-system-serif-font-family has-medium-font-size\">Vous souhaitez en savoir plus sur mes services ? Remplissez le formulaire ci-dessous et je vous contacterai dans les plus brefs d\u00e9lais.<\/p>\n\n\n\n<p class=\"has-system-serif-font-family has-medium-font-size\"><strong>Pourquoi me contacter ?<\/strong><\/p>\n\n\n\n<ul class=\"wp-block-list\">\n<li class=\"has-system-serif-font-family has-medium-font-size\">Posez vos questions sur l&rsquo;orientation professionnelle ou le soutien RH et administratif.<\/li>\n\n\n\n<li class=\"has-system-serif-font-family has-medium-font-size\">Recevez des informations personnalis\u00e9es en fonction de votre situation ou de votre entreprise.<\/li>\n<\/ul>\n\n\n\n<form method=\"post\" class=\"wp-block-gutena-forms gutena-forms-contact-form gutena_forms_ID_c96e0e2cd4_1211202420113 input-box-border-bottom-only hide-form-after-submit after_submit_message is-layout-flow wp-container-gutena-forms-is-layout-45f92e47 wp-block-gutena-forms-is-layout-flow\" style=\"padding-top:0rem;padding-bottom:0rem\"><input type=\"hidden\" name=\"formid\" value=\"gutena_forms_ID_c96e0e2cd4_1211202420113\"\/>\n<div class=\"wp-block-gutena-field-group  field-group-type-text is-layout-flow wp-block-gutena-field-group-is-layout-flow\">\n<div class=\"wp-block-group is-vertical is-layout-flex wp-container-core-group-is-layout-501cef26 wp-block-group-is-layout-flex\">\n<h3 class=\"wp-block-heading heading-input-label-gutena has-system-serif-font-family has-medium-font-size\">Nom + pr\u00e9nom<\/h3>\n\n\n<div class=\"gutena-forms-text-field field-name-first_name  wp-block-gutena-form-field\"><input\n\t\t\t\tid=\"first_name\"\n\t\t\t\t name=\"first_name\" type=\"text\" class=\"gutena-forms-field text-field required-field  \" placeholder=\"Pr\u00e9nom\"  required\n\t\t\t\t\/><\/div><\/div>\n\n\n\n<p class=\"gutena-forms-field-error-msg\"><\/p>\n<\/div>\n\n\n\n<div class=\"wp-block-gutena-field-group  field-group-type-email is-layout-flow wp-block-gutena-field-group-is-layout-flow\">\n<div class=\"wp-block-group is-vertical is-layout-flex wp-container-core-group-is-layout-501cef26 wp-block-group-is-layout-flex\">\n<h3 class=\"wp-block-heading heading-input-label-gutena has-system-serif-font-family has-medium-font-size\">Adresse mail<\/h3>\n\n\n<div class=\"gutena-forms-email-field field-name-email  wp-block-gutena-form-field\"><input\n\t\t\t\tid=\"email\"\n\t\t\t\t name=\"email\" type=\"email\" class=\"gutena-forms-field email-field required-field  \" placeholder=\"exemple@gmail.com\"  required\n\t\t\t\t\/><\/div><\/div>\n\n\n\n<p class=\"gutena-forms-field-error-msg\"><\/p>\n<\/div>\n\n\n\n<div class=\"wp-block-gutena-field-group  field-group-type-text field-group-type-number is-layout-flow wp-block-gutena-field-group-is-layout-flow\">\n<div class=\"wp-block-group is-vertical is-layout-flex wp-container-core-group-is-layout-501cef26 wp-block-group-is-layout-flex\">\n<h3 class=\"wp-block-heading heading-input-label-gutena has-system-serif-font-family has-medium-font-size\">GSM<\/h3>\n\n\n<div class=\"gutena-forms-number-field field-name-subject  wp-block-gutena-form-field\"><input\n\t\t\t\tid=\"subject\"\n\t\t\t\t name=\"subject\" type=\"number\" class=\"gutena-forms-field number-field required-field  \" placeholder=\"N\u00b0 de GSM\"  required\n\t\t\t\t\/><\/div><\/div>\n\n\n\n<p class=\"gutena-forms-field-error-msg\"><\/p>\n<\/div>\n\n\n\n<div class=\"wp-block-gutena-field-group  field-group-type-textarea is-layout-flow wp-block-gutena-field-group-is-layout-flow\">\n<div class=\"wp-block-group is-vertical is-layout-flex wp-container-core-group-is-layout-501cef26 wp-block-group-is-layout-flex\">\n<h3 class=\"wp-block-heading heading-input-label-gutena has-system-serif-font-family has-medium-font-size\">Message<\/h3>\n\n\n<div class=\"gutena-forms-textarea-field field-name-message  wp-block-gutena-form-field\"><textarea\n\t\t\t\tid=\"message\"\n\t\t\t\t name=\"message\" rows=\"5\" class=\"gutena-forms-field textarea-field required-field  \" placeholder=\"Je souhaite obtenir plus d&#039;informations sur ...\"  required\n\t\t\t\t><\/textarea><\/div><\/div>\n\n\n\n<p class=\"gutena-forms-field-error-msg\"><\/p>\n<\/div>\n\n\n\n<div class=\"wp-block-buttons gutena-forms-submit-buttons is-content-justification-center is-layout-flex wp-container-core-buttons-is-layout-a89b3969 wp-block-buttons-is-layout-flex\">\n<div class=\"wp-block-button has-custom-font-size gutena-forms-submit-button has-system-serif-font-family has-medium-font-size\"><button class=\"wp-block-button__link has-contrast-color has-accent-4-background-color has-text-color has-background has-link-color wp-element-button\">Envoyer<\/button><\/div>\n<\/div>\n\n\n\n<div class=\"wp-block-gutena-form-confirm-msg is-layout-flow wp-block-gutena-form-confirm-msg-is-layout-flow\">\n<div class=\"wp-block-group has-background is-content-justification-left is-nowrap is-layout-flex wp-container-core-group-is-layout-385d3396 wp-block-group-is-layout-flex\" style=\"border-radius:5px;background-color:#d8eacc;padding-top:12px;padding-right:12px;padding-bottom:12px;padding-left:12px\">\n<figure class=\"wp-block-image size-large form-message-icon\"><img decoding=\"async\" src=\"data:image\/svg+xml;base64,PHN2ZyB3aWR0aD0iMTYiIGhlaWdodD0iMTYiIHZpZXdCb3g9IjAgMCAxNiAxNiIgZmlsbD0ibm9uZSIgeG1sbnM9Imh0dHA6Ly93d3cudzMub3JnLzIwMDAvc3ZnIj4KPHBhdGggZD0iTTggMTZDMy41ODE2IDE2IDAgMTIuNDE4NCAwIDhDMCAzLjU4MTYgMy41ODE2IDAgOCAwQzEyLjQxODQgMCAxNiAzLjU4MTYgMTYgOEMxNiAxMi40MTg0IDEyLjQxODQgMTYgOCAxNlpNOCAxNC40QzkuNjk3MzkgMTQuNCAxMS4zMjUzIDEzLjcyNTcgMTIuNTI1NSAxMi41MjU1QzEzLjcyNTcgMTEuMzI1MyAxNC40IDkuNjk3MzkgMTQuNCA4QzE0LjQgNi4zMDI2MSAxMy43MjU3IDQuNjc0NzUgMTIuNTI1NSAzLjQ3NDUyQzExLjMyNTMgMi4yNzQyOCA5LjY5NzM5IDEuNiA4IDEuNkM2LjMwMjYxIDEuNiA0LjY3NDc1IDIuMjc0MjggMy40NzQ1MiAzLjQ3NDUyQzIuMjc0MjggNC42NzQ3NSAxLjYgNi4zMDI2MSAxLjYgOEMxLjYgOS42OTczOSAyLjI3NDI4IDExLjMyNTMgMy40NzQ1MiAxMi41MjU1QzQuNjc0NzUgMTMuNzI1NyA2LjMwMjYxIDE0LjQgOCAxNC40Wk03LjIwMjQgMTEuMkwzLjgwOCA3LjgwNTZMNC45MzkyIDYuNjc0NEw3LjIwMjQgOC45Mzc2TDExLjcyNzIgNC40MTJMMTIuODU5MiA1LjU0MzJMNy4yMDI0IDExLjJaIiBmaWxsPSIjNDY4NDFFIi8+Cjwvc3ZnPgo=\" alt=\"Success\" class=\"wp-image-3811\"\/><\/figure>\n\n\n\n<p class=\"has-black-color has-text-color has-tiny-font-size\" style=\"font-size:12px;font-style:normal;font-weight:500;line-height:1.2\">Votre message a bien \u00e9t\u00e9 envoy\u00e9 !<\/p>\n<\/div>\n<\/div>\n\n\n\n<div class=\"wp-block-gutena-form-error-msg is-layout-flow wp-block-gutena-form-error-msg-is-layout-flow\">\n<div class=\"wp-block-group has-background is-content-justification-left is-nowrap is-layout-flex wp-container-core-group-is-layout-385d3396 wp-block-group-is-layout-flex\" style=\"border-radius:5px;background-color:#ffd3d3;padding-top:12px;padding-right:12px;padding-bottom:12px;padding-left:12px\">\n<figure class=\"wp-block-image size-large form-message-icon\"><img decoding=\"async\" src=\"data:image\/svg+xml;base64,PHN2ZyB3aWR0aD0iMTYiIGhlaWdodD0iMTYiIHZpZXdCb3g9IjAgMCAxNiAxNiIgZmlsbD0ibm9uZSIgeG1sbnM9Imh0dHA6Ly93d3cudzMub3JnLzIwMDAvc3ZnIj4KPHBhdGggZD0iTTggMTZDMy41ODE2IDE2IDAgMTIuNDE4NCAwIDhDMCAzLjU4MTYgMy41ODE2IDAgOCAwQzEyLjQxODQgMCAxNiAzLjU4MTYgMTYgOEMxNiAxMi40MTg0IDEyLjQxODQgMTYgOCAxNlpNOCAxNC40QzkuNjk3MzkgMTQuNCAxMS4zMjUzIDEzLjcyNTcgMTIuNTI1NSAxMi41MjU1QzEzLjcyNTcgMTEuMzI1MyAxNC40IDkuNjk3MzkgMTQuNCA4QzE0LjQgNi4zMDI2MSAxMy43MjU3IDQuNjc0NzUgMTIuNTI1NSAzLjQ3NDUyQzExLjMyNTMgMi4yNzQyOCA5LjY5NzM5IDEuNiA4IDEuNkM2LjMwMjYxIDEuNiA0LjY3NDc1IDIuMjc0MjggMy40NzQ1MiAzLjQ3NDUyQzIuMjc0MjggNC42NzQ3NSAxLjYgNi4zMDI2MSAxLjYgOEMxLjYgOS42OTczOSAyLjI3NDI4IDExLjMyNTMgMy40NzQ1MiAxMi41MjU1QzQuNjc0NzUgMTMuNzI1NyA2LjMwMjYxIDE0LjQgOCAxNC40Wk03LjIgMTAuNEg4LjhWMTJINy4yVjEwLjRaTTcuMiA0SDguOFY4LjhINy4yVjRaIiBmaWxsPSIjQzUxOTE5Ii8+Cjwvc3ZnPgo=\" alt=\"Error\" class=\"wp-image-3811\"\/><\/figure>\n\n\n\n<p class=\"gutena-forms-error-text has-black-color has-text-color\" style=\"font-size:12px;font-style:normal;font-weight:500;line-height:1.2\">D\u00e9sol\u00e9 ! Quelque chose s&rsquo;est mal pass\u00e9, veuillez v\u00e9rifier les messages d&rsquo;erreur ci-dessus.<\/p>\n<\/div>\n<\/div>\n<\/form>\n\n\n\n<p class=\"has-system-serif-font-family has-small-font-size\"><em>N&rsquo;oubliez pas de lire la <a href=\"https:\/\/fr.coachkatia.be\/?page_id=59\" data-type=\"page\" data-id=\"59\">politique de confidentialit\u00e9<\/a> pour plus d&rsquo;informations sur le traitement de vos donn\u00e9es.<\/em><\/p>\n","protected":false},"excerpt":{"rendered":"<p>\u00cates-vous pr\u00eat \u00e0 franchir une nouvelle \u00e9tape dans votre carri\u00e8re, votre entreprise ou votre d\u00e9veloppement personnel ? Ou avez-vous des questions sur mes services ? N&rsquo;h\u00e9sitez pas \u00e0 me contacter ! O\u00f9 me trouver ? Je travaille depuis Overijse et propose des sessions en personne ou en ligne. Que vous soyez un particulier ou une [&hellip;]<\/p>\n","protected":false},"author":1,"featured_media":0,"parent":0,"menu_order":0,"comment_status":"closed","ping_status":"closed","template":"","meta":{"footnotes":""},"class_list":["post-44","page","type-page","status-publish","hentry"],"jetpack_sharing_enabled":true,"_links":{"self":[{"href":"https:\/\/fr.coachkatia.be\/index.php?rest_route=\/wp\/v2\/pages\/44","targetHints":{"allow":["GET"]}}],"collection":[{"href":"https:\/\/fr.coachkatia.be\/index.php?rest_route=\/wp\/v2\/pages"}],"about":[{"href":"https:\/\/fr.coachkatia.be\/index.php?rest_route=\/wp\/v2\/types\/page"}],"author":[{"embeddable":true,"href":"https:\/\/fr.coachkatia.be\/index.php?rest_route=\/wp\/v2\/users\/1"}],"replies":[{"embeddable":true,"href":"https:\/\/fr.coachkatia.be\/index.php?rest_route=%2Fwp%2Fv2%2Fcomments&post=44"}],"version-history":[{"count":24,"href":"https:\/\/fr.coachkatia.be\/index.php?rest_route=\/wp\/v2\/pages\/44\/revisions"}],"predecessor-version":[{"id":123,"href":"https:\/\/fr.coachkatia.be\/index.php?rest_route=\/wp\/v2\/pages\/44\/revisions\/123"}],"wp:attachment":[{"href":"https:\/\/fr.coachkatia.be\/index.php?rest_route=%2Fwp%2Fv2%2Fmedia&parent=44"}],"curies":[{"name":"wp","href":"https:\/\/api.w.org\/{rel}","templated":true}]}}