{"id":52,"date":"2024-11-12T20:12:45","date_gmt":"2024-11-12T19:12:45","guid":{"rendered":"https:\/\/fr.coachkatia.be\/?page_id=52"},"modified":"2024-11-12T20:12:45","modified_gmt":"2024-11-12T19:12:45","slug":"conditions-generales","status":"publish","type":"page","link":"https:\/\/fr.coachkatia.be\/?page_id=52","title":{"rendered":"Conditions g\u00e9n\u00e9rales"},"content":{"rendered":"\n<p class=\"has-small-font-size\">Ce site web est la propri\u00e9t\u00e9 de Katia Alaerts<\/p>\n\n\n\n<p class=\"has-small-font-size\">Coordonn\u00e9es :<\/p>\n\n\n\n<p class=\"has-small-font-size\">Adresse du si\u00e8ge social : Paardebeekstraat 1, 3090 Overijse<\/p>\n\n\n\n<p class=\"has-small-font-size\">T\u00e9l\u00e9phone : 0476\/85.05.11<\/p>\n\n\n\n<p class=\"has-small-font-size\">E-mail : info@coachkatia.be<\/p>\n\n\n\n<p class=\"has-small-font-size\">Num\u00e9ro d\u2019entreprise : BE0795.560.346<\/p>\n\n\n\n<p class=\"has-small-font-size\">En acc\u00e9dant au site web et en l\u2019utilisant, vous d\u00e9clarez accepter express\u00e9ment les conditions g\u00e9n\u00e9rales suivantes.<\/p>\n\n\n\n<p><strong>Droits de propri\u00e9t\u00e9 intellectuelle<\/strong><\/p>\n\n\n\n<p class=\"has-small-font-size\">Le contenu de ce site, y compris les marques, logos, dessins, donn\u00e9es, noms de produits ou d&rsquo;entreprises, textes, images, etc., est prot\u00e9g\u00e9 par des droits de propri\u00e9t\u00e9 intellectuelle et appartient \u00e0 Katia Alaerts ou \u00e0 des tiers d\u00e9tenteurs de droitsn.<\/p>\n\n\n\n<p><strong>Limitation de responsabilit\u00e9<\/strong><\/p>\n\n\n\n<p class=\"has-small-font-size\">Les informations sur le site sont de nature g\u00e9n\u00e9rale. Elles ne sont pas adapt\u00e9es \u00e0 des circonstances personnelles ou sp\u00e9cifiques et ne peuvent donc \u00eatre consid\u00e9r\u00e9es comme des conseils personnels, professionnels ou juridiques pour l\u2019utilisateur.<\/p>\n\n\n\n<p class=\"has-small-font-size\">Katia Alaerts s\u2019efforce de fournir des informations compl\u00e8tes, correctes, pr\u00e9cises et \u00e0 jour. Malgr\u00e9 ces efforts, des inexactitudes peuvent appara\u00eetre dans les informations fournies. Si les informations contiennent des erreurs ou si certaines informations sont indisponibles sur ou via le site, Katia Alaerts mettra tout en \u0153uvre pour rectifier cela dans les plus brefs d\u00e9lais.<\/p>\n\n\n\n<p class=\"has-small-font-size\">Katia Alaerts ne peut \u00eatre tenue responsable des dommages directs ou indirects r\u00e9sultant de l\u2019utilisation des informations sur ce site.<\/p>\n\n\n\n<p class=\"has-small-font-size\">Si vous constatez des inexactitudes dans les informations disponibles sur le site, vous pouvez contacter l\u2019administrateur du site.<\/p>\n\n\n\n<p class=\"has-small-font-size\">Le contenu du site (y compris les liens) peut \u00eatre modifi\u00e9, chang\u00e9 ou compl\u00e9t\u00e9 \u00e0 tout moment sans pr\u00e9avis ni notification. Katia Alaerts ne garantit pas le bon fonctionnement du site web et ne peut en aucun cas \u00eatre tenue responsable de tout dysfonctionnement ou de l\u2019indisponibilit\u00e9 temporaire (ou non) du site, ni d\u2019aucune forme de dommage, direct ou indirect, r\u00e9sultant de l\u2019acc\u00e8s au site ou de son utilisation.<\/p>\n\n\n\n<p class=\"has-small-font-size\">Katia Alaerts ne peut en aucun cas \u00eatre tenue responsable, de mani\u00e8re directe ou indirecte, particuli\u00e8re ou autre, de dommages r\u00e9sultant de l\u2019utilisation de ce site ou d\u2019un autre, en particulier en raison de liens ou d\u2019hyperliens, incluant, sans limitation, toute perte, interruption de travail, d\u00e9t\u00e9rioration de programmes ou d\u2019autres donn\u00e9es sur le syst\u00e8me informatique, d\u2019\u00e9quipement, de logiciel ou autre de l\u2019utilisateur.<\/p>\n\n\n\n<p class=\"has-small-font-size\">Le site peut contenir des hyperliens vers des sites web ou des pages de tiers, ou y faire r\u00e9f\u00e9rence indirectement. L\u2019insertion de liens vers ces sites ou pages n\u2019implique en aucun cas une approbation implicite de leur contenu.<\/p>\n\n\n\n<p class=\"has-small-font-size\">Katia Alaerts d\u00e9clare express\u00e9ment qu\u2019elle n\u2019a aucun contr\u00f4le sur le contenu ou les autres caract\u00e9ristiques de ces sites web et ne peut en aucun cas \u00eatre tenue responsable de leur contenu, de leurs caract\u00e9ristiques ou de toute autre forme de dommage r\u00e9sultant de leur utilisation.<\/p>\n\n\n\n<p><strong>Droit applicable et tribunaux comp\u00e9tents.<\/strong><\/p>\n\n\n\n<p class=\"has-small-font-size\">Le droit belge s\u2019applique \u00e0 ce site. En cas de litige, seuls les tribunaux de l\u2019arrondissement de Bruxelles sont comp\u00e9tent.<\/p>\n\n\n\n<p class=\"has-small-font-size\">Ces conditions g\u00e9n\u00e9rales ont \u00e9t\u00e9 modifi\u00e9es pour la derni\u00e8re fois le 3 novembre 2024.<\/p>\n","protected":false},"excerpt":{"rendered":"<p>Ce site web est la propri\u00e9t\u00e9 de Katia Alaerts Coordonn\u00e9es : Adresse du si\u00e8ge social : Paardebeekstraat 1, 3090 Overijse T\u00e9l\u00e9phone : 0476\/85.05.11 E-mail : info@coachkatia.be Num\u00e9ro d\u2019entreprise : BE0795.560.346 En acc\u00e9dant au site web et en l\u2019utilisant, vous d\u00e9clarez accepter express\u00e9ment les conditions g\u00e9n\u00e9rales suivantes. Droits de propri\u00e9t\u00e9 intellectuelle Le contenu de ce site, [&hellip;]<\/p>\n","protected":false},"author":1,"featured_media":0,"parent":0,"menu_order":0,"comment_status":"closed","ping_status":"closed","template":"","meta":{"footnotes":""},"class_list":["post-52","page","type-page","status-publish","hentry"],"jetpack_sharing_enabled":true,"_links":{"self":[{"href":"https:\/\/fr.coachkatia.be\/index.php?rest_route=\/wp\/v2\/pages\/52","targetHints":{"allow":["GET"]}}],"collection":[{"href":"https:\/\/fr.coachkatia.be\/index.php?rest_route=\/wp\/v2\/pages"}],"about":[{"href":"https:\/\/fr.coachkatia.be\/index.php?rest_route=\/wp\/v2\/types\/page"}],"author":[{"embeddable":true,"href":"https:\/\/fr.coachkatia.be\/index.php?rest_route=\/wp\/v2\/users\/1"}],"replies":[{"embeddable":true,"href":"https:\/\/fr.coachkatia.be\/index.php?rest_route=%2Fwp%2Fv2%2Fcomments&post=52"}],"version-history":[{"count":1,"href":"https:\/\/fr.coachkatia.be\/index.php?rest_route=\/wp\/v2\/pages\/52\/revisions"}],"predecessor-version":[{"id":53,"href":"https:\/\/fr.coachkatia.be\/index.php?rest_route=\/wp\/v2\/pages\/52\/revisions\/53"}],"wp:attachment":[{"href":"https:\/\/fr.coachkatia.be\/index.php?rest_route=%2Fwp%2Fv2%2Fmedia&parent=52"}],"curies":[{"name":"wp","href":"https:\/\/api.w.org\/{rel}","templated":true}]}}