{"id":59,"date":"2024-11-12T20:20:54","date_gmt":"2024-11-12T19:20:54","guid":{"rendered":"https:\/\/fr.coachkatia.be\/?page_id=59"},"modified":"2024-11-12T20:21:00","modified_gmt":"2024-11-12T19:21:00","slug":"politique-de-confidentialite","status":"publish","type":"page","link":"https:\/\/fr.coachkatia.be\/?page_id=59","title":{"rendered":"Politique de confidentialit\u00e9"},"content":{"rendered":"\n<p class=\"has-system-serif-font-family has-small-font-size\">Katia Alaerts traite des donn\u00e9es \u00e0 caract\u00e8re personnel conform\u00e9ment \u00e0 la pr\u00e9sente d\u00e9claration relative \u00e0 la protection de la vie priv\u00e9e. Pour plus d\u2019informations ou en cas de questions ou de remarques concernant notre politique relative \u00e0 la protection de la vie priv\u00e9e, vous pouvez vous adresser \u00e0 Katia Alaerts via info@coachkatia.be.&nbsp;<\/p>\n\n\n\n<p class=\"has-system-serif-font-family has-small-font-size\"><strong><em>Finalit\u00e9s du traitement<\/em><\/strong><\/p>\n\n\n\n<p class=\"has-system-serif-font-family has-small-font-size\">Katia Alaerts collecte et traite les donn\u00e9es \u00e0 caract\u00e8re personnel de clients \u00e0 des fins de gestion de la client\u00e8le et des commandes (notamment administration des clients, suivi des commandes\/livraisons, facturation, suivi de la solvabilit\u00e9, profilage et marketing et envoi de publicit\u00e9 personnalis\u00e9e).<\/p>\n\n\n\n<p class=\"has-system-serif-font-family has-small-font-size\"><strong><em>Fondement(s) juridique(s) du traitement<\/em><\/strong><\/p>\n\n\n\n<p class=\"has-system-serif-font-family has-small-font-size\">Les donn\u00e9es \u00e0 caract\u00e8re personnel sont trait\u00e9es en vertu de l\u2019article 6.1. (a) autorisation, (b) n\u00e9cessaire pour l\u2019ex\u00e9cution d\u2019un contrat du R\u00e8glement g\u00e9n\u00e9ral pour la protection des donn\u00e9es.<\/p>\n\n\n\n<p class=\"has-system-serif-font-family has-small-font-size\">Dans la mesure o\u00f9 le traitement de donn\u00e9es \u00e0 caract\u00e8re personnel a lieu en vertu de l\u2019article 6.1. a) (autorisation), le client a toujours le droit de retirer l\u2019autorisation accord\u00e9e.<\/p>\n\n\n\n<p class=\"has-system-serif-font-family has-small-font-size\"><em><strong>Transmission \u00e0 des tiers<\/strong><\/em><\/p>\n\n\n\n<p class=\"has-system-serif-font-family has-small-font-size\">Si cela est n\u00e9cessaire pour la r\u00e9alisation des objectifs fix\u00e9s, les donn\u00e9es \u00e0 caract\u00e8re personnel du client seront partag\u00e9es au sein de l\u2019Espace \u00e9conomique europ\u00e9en avec d\u2019autres soci\u00e9t\u00e9s (du groupe Katia Alaerts) qui sont directement ou indirectement li\u00e9es \u00e0 Katia Alaerts ou \u00e0 tout autre partenaire de Katia Alaerts. Katia Alaerts garantit que ces b\u00e9n\u00e9ficiaires prendront les mesures techniques et organisationnelles n\u00e9cessaires pour prot\u00e9ger les donn\u00e9es \u00e0 caract\u00e8re personnel.<\/p>\n\n\n\n<p class=\"has-system-serif-font-family has-small-font-size\"><em><strong>D\u00e9lai de conservation<\/strong><\/em><\/p>\n\n\n\n<p class=\"has-system-serif-font-family has-small-font-size\">Les donn\u00e9es \u00e0 caract\u00e8re personnel trait\u00e9es \u00e0 des fins de gestion de la client\u00e8le seront conserv\u00e9es durant le d\u00e9lai n\u00e9cessaire pour satisfaire aux exigences l\u00e9gales (notamment sur le plan de la comptabilit\u00e9).<\/p>\n\n\n\n<p class=\"has-system-serif-font-family has-small-font-size\"><em><strong>Droit de consultation, de rectification, de suppression, de limitation, d\u2019opposition et de transmissibilit\u00e9 de donn\u00e9es \u00e0 caract\u00e8re personnel<\/strong><\/em><\/p>\n\n\n\n<p class=\"has-system-serif-font-family has-small-font-size\">Le client a \u00e0 tout moment le droit de consulter ses donn\u00e9es \u00e0 caract\u00e8re personnel et peut les (faire) rectifier si elles sont incorrectes ou incompl\u00e8tes, les faire supprimer, en limiter le traitement et s\u2019opposer au traitement des donn\u00e9es \u00e0 caract\u00e8re personnel le concernant en vertu de l\u2019article 6.1 (f), y compris le profilage sur la base de ces dispositions.<\/p>\n\n\n\n<p class=\"has-system-serif-font-family has-small-font-size\">Le client a en outre le droit d\u2019obtenir une copie (dans un format structur\u00e9, courant et lisible par machine) de ses donn\u00e9es \u00e0 caract\u00e8re personnel et de faire envoyer les donn\u00e9es \u00e0 caract\u00e8re personnel \u00e0 une autre soci\u00e9t\u00e9. Afin d\u2019exercer les droits susmentionn\u00e9s, il est demand\u00e9 au client&nbsp;d&rsquo;envoyer un e-mail \u00e0: info@coachkatia.be.<\/p>\n\n\n\n<p class=\"has-system-serif-font-family has-small-font-size\"><strong><em>Marketing direct<\/em><\/strong><\/p>\n\n\n\n<p class=\"has-system-serif-font-family has-small-font-size\">Le client a le droit de s\u2019opposer gratuitement \u00e0 tout traitement de ses donn\u00e9es \u00e0 caract\u00e8re personnel \u00e0 des fins de marketing direct.<\/p>\n\n\n\n<p class=\"has-system-serif-font-family has-small-font-size\"><em><strong>Plainte<\/strong><\/em><\/p>\n\n\n\n<p class=\"has-system-serif-font-family has-small-font-size\">Le client a le droit de d\u00e9poser plainte aupr\u00e8s de la Commission de la protection de la vie priv\u00e9e (Rue de la Presse 35, 1000 Bruxelles &#8211; commission@privacycommission.be).<\/p>\n\n\n\n<p class=\"has-system-serif-font-family has-small-font-size\"><strong>L&rsquo;utilisation des \u201ccookies\u201d<\/strong><\/p>\n\n\n\n<p class=\"has-system-serif-font-family has-small-font-size\">Lors de votre visite sur le site, des \u201ccookies\u201d peuvent \u00eatre plac\u00e9s sur le disque dur de votre ordinateur. Un cookie est un fichier texte plac\u00e9 par le serveur d\u2019un site web dans le navigateur de votre ordinateur ou sur votre appareil mobile lorsque vous consultez un site internet. Les cookies ne peuvent pas \u00eatre utilis\u00e9s pour identifier des personnes, un cookie peut seulement identifier une machine.<\/p>\n\n\n\n<p class=\"has-system-serif-font-family has-small-font-size\">Les \u00ab cookies de premi\u00e8re partie \u00bb sont des cookies techniques utilis\u00e9s par le site visit\u00e9 lui-m\u00eame, et qui ont pour objectif de permettre au site de fonctionner de mani\u00e8re optimale. Exemple : des param\u00e8tres que l\u2019utilisateur a choisis lors de visites pr\u00e9c\u00e9dentes sur le site, ou encore : un formulaire pr\u00e9-rempli avec des donn\u00e9es que l\u2019utilisateur a saisies lors de visites ant\u00e9rieures.<\/p>\n\n\n\n<p class=\"has-system-serif-font-family has-small-font-size\">Vous pouvez configurer votre navigateur internet de mani\u00e8re \u00e0 ce que les cookies ne soient pas accept\u00e9s, \u00e0 recevoir un avertissement lorsqu\u2019un cookie est install\u00e9, ou \u00e0 supprimer les cookies de votre disque dur par la suite. Cela peut \u00eatre fait via les param\u00e8tres de votre navigateur (via la fonction d\u2019aide). Veuillez noter que certains \u00e9l\u00e9ments graphiques peuvent ne pas s\u2019afficher correctement ou que certaines applications peuvent ne pas \u00eatre utilisables.<\/p>\n\n\n\n<p class=\"has-system-serif-font-family has-small-font-size\">En utilisant notre site internet, vous acceptez notre utilisation des cookies.<\/p>\n\n\n\n<p class=\"has-system-serif-font-family has-small-font-size\">Cette politique de confidentialit\u00e9 a \u00e9t\u00e9 modifi\u00e9e pour la derni\u00e8re fois le 3 novembre 2024.<\/p>\n","protected":false},"excerpt":{"rendered":"<p>Katia Alaerts traite des donn\u00e9es \u00e0 caract\u00e8re personnel conform\u00e9ment \u00e0 la pr\u00e9sente d\u00e9claration relative \u00e0 la protection de la vie priv\u00e9e. Pour plus d\u2019informations ou en cas de questions ou de remarques concernant notre politique relative \u00e0 la protection de la vie priv\u00e9e, vous pouvez vous adresser \u00e0 Katia Alaerts via info@coachkatia.be.&nbsp; Finalit\u00e9s du traitement [&hellip;]<\/p>\n","protected":false},"author":1,"featured_media":0,"parent":0,"menu_order":0,"comment_status":"closed","ping_status":"closed","template":"","meta":{"footnotes":""},"class_list":["post-59","page","type-page","status-publish","hentry"],"jetpack_sharing_enabled":true,"_links":{"self":[{"href":"https:\/\/fr.coachkatia.be\/index.php?rest_route=\/wp\/v2\/pages\/59","targetHints":{"allow":["GET"]}}],"collection":[{"href":"https:\/\/fr.coachkatia.be\/index.php?rest_route=\/wp\/v2\/pages"}],"about":[{"href":"https:\/\/fr.coachkatia.be\/index.php?rest_route=\/wp\/v2\/types\/page"}],"author":[{"embeddable":true,"href":"https:\/\/fr.coachkatia.be\/index.php?rest_route=\/wp\/v2\/users\/1"}],"replies":[{"embeddable":true,"href":"https:\/\/fr.coachkatia.be\/index.php?rest_route=%2Fwp%2Fv2%2Fcomments&post=59"}],"version-history":[{"count":3,"href":"https:\/\/fr.coachkatia.be\/index.php?rest_route=\/wp\/v2\/pages\/59\/revisions"}],"predecessor-version":[{"id":62,"href":"https:\/\/fr.coachkatia.be\/index.php?rest_route=\/wp\/v2\/pages\/59\/revisions\/62"}],"wp:attachment":[{"href":"https:\/\/fr.coachkatia.be\/index.php?rest_route=%2Fwp%2Fv2%2Fmedia&parent=59"}],"curies":[{"name":"wp","href":"https:\/\/api.w.org\/{rel}","templated":true}]}}