{"id":65,"date":"2024-11-12T20:23:57","date_gmt":"2024-11-12T19:23:57","guid":{"rendered":"https:\/\/fr.coachkatia.be\/?page_id=65"},"modified":"2025-01-31T10:29:34","modified_gmt":"2025-01-31T09:29:34","slug":"qui-suis-je","status":"publish","type":"page","link":"https:\/\/fr.coachkatia.be\/?page_id=65","title":{"rendered":""},"content":{"rendered":"\n<div class=\"wp-block-media-text is-stacked-on-mobile\" style=\"grid-template-columns:34% auto\"><figure class=\"wp-block-media-text__media\"><img loading=\"lazy\" decoding=\"async\" width=\"768\" height=\"1024\" src=\"https:\/\/fr.coachkatia.be\/wp-content\/uploads\/2025\/01\/Katia-Alaerts-1-768x1024.jpg\" alt=\"Katia\" class=\"wp-image-125 size-full\" srcset=\"https:\/\/fr.coachkatia.be\/wp-content\/uploads\/2025\/01\/Katia-Alaerts-1-768x1024.jpg 768w, https:\/\/fr.coachkatia.be\/wp-content\/uploads\/2025\/01\/Katia-Alaerts-1-225x300.jpg 225w, https:\/\/fr.coachkatia.be\/wp-content\/uploads\/2025\/01\/Katia-Alaerts-1-1152x1536.jpg 1152w, https:\/\/fr.coachkatia.be\/wp-content\/uploads\/2025\/01\/Katia-Alaerts-1-1536x2048.jpg 1536w, https:\/\/fr.coachkatia.be\/wp-content\/uploads\/2025\/01\/Katia-Alaerts-1-scaled.jpg 1920w\" sizes=\"auto, (max-width: 768px) 100vw, 768px\" \/><\/figure><div class=\"wp-block-media-text__content\">\n<p class=\"has-system-serif-font-family has-medium-font-size\">Bonjour, je suis Katia !<\/p>\n\n\n\n<p class=\"has-system-serif-font-family has-medium-font-size\">Coach passionn\u00e9e et professionnelle ind\u00e9pendante, j&rsquo;aide les individus et les entreprises \u00e0 tirer le meilleur d&rsquo;eux-m\u00eames. Mon parcours a d\u00e9but\u00e9 dans le monde des RH et de l&rsquo;administration, et cette exp\u00e9rience constitue la base de mon expertise.<\/p>\n<\/div><\/div>\n\n\n\n<div style=\"height:17px\" aria-hidden=\"true\" class=\"wp-block-spacer\"><\/div>\n\n\n\n<h2 class=\"wp-block-heading has-text-align-left has-system-serif-font-family has-large-font-size\" style=\"font-style:normal;font-weight:600\">Ma mission<\/h2>\n\n\n\n<p class=\"has-system-serif-font-family has-medium-font-size\">Je suis convaincue que chacun a le droit d&rsquo;avoir une vie priv\u00e9e et professionnelle \u00e9panouie.<br>Que vous soyez \u00e0 la recherche d&rsquo;un <strong>meilleur \u00e9quilibre dans votre carri\u00e8re<\/strong>, que vous ayez besoin d&rsquo;un <strong>soutien<\/strong> en mati\u00e8re de <strong>ressources humaines<\/strong> ou de <strong>t\u00e2ches administratives<\/strong>, je suis l\u00e0 pour vous.<\/p>\n\n\n\n<h2 class=\"wp-block-heading has-text-align-left has-system-serif-font-family has-large-font-size\" style=\"font-style:normal;font-weight:600\">Mon exp\u00e9rience professionnelle<\/h2>\n\n\n\n<ul class=\"wp-block-list is-style-checkmark-list\">\n<li class=\"has-system-serif-font-family has-medium-font-size\"><strong>Coach de carri\u00e8re<\/strong> : j&rsquo;aide les gens \u00e0 d\u00e9couvrir leur passion et \u00e0 trouver un emploi qui leur convient vraiment.<\/li>\n\n\n\n<li class=\"has-system-serif-font-family has-medium-font-size\"><strong>Expert en RH et en administration<\/strong> : en tant qu&rsquo;ind\u00e9pendant, je soutiens les entreprises en leur proposant des solutions personnalis\u00e9es pratiques et efficaces.<\/li>\n<\/ul>\n\n\n\n<h2 class=\"wp-block-heading has-text-align-left has-system-serif-font-family has-large-font-size\" style=\"font-style:normal;font-weight:600\">Pourquoi travailler avec moi ?<\/h2>\n\n\n\n<p class=\"has-system-serif-font-family has-medium-font-size\">Avec plus de 20 ans d&rsquo;exp\u00e9rience en gestion administration, plus de 4 ans d&rsquo;expertise en ressources humaines et mon exp\u00e9rience en coaching, j&rsquo;offre une <strong>combinaison unique d&rsquo;expertise, d&#8217;empathie et d&rsquo;approche pratique<\/strong>.<br>Ma force est d&rsquo;\u00e9tablir des liens entre les personnes et de proposer des <strong>solutions <\/strong>claires et r\u00e9alisables.<\/p>\n\n\n\n<p class=\"has-system-serif-font-family has-medium-font-size\">Vous souhaitez en savoir plus ? N&rsquo;h\u00e9sitez pas \u00e0 me contacter. Ensemble, nous irons vers un changement durable !<\/p>\n\n\n\n<div class=\"wp-block-group alignfull has-text-color has-background is-layout-flow wp-block-group-is-layout-flow\" style=\"color:#000000;background-color:#ffffff\">\n<div class=\"wp-block-buttons is-horizontal is-content-justification-center is-layout-flex wp-container-core-buttons-is-layout-725111db wp-block-buttons-is-layout-flex\" style=\"margin-top:var(--wp--preset--spacing--10);margin-bottom:var(--wp--preset--spacing--10)\">\n<div class=\"wp-block-button has-custom-font-size is-style-fill has-medium-font-size\" style=\"font-style:normal;font-weight:800;text-transform:none\"><a class=\"wp-block-button__link has-contrast-color has-accent-4-background-color has-text-color has-background has-link-color wp-element-button\" href=\"https:\/\/fr.coachkatia.be\/?page_id=44\" style=\"border-style:none;border-width:0px;padding-top:var(--wp--preset--spacing--10);padding-right:var(--wp--preset--spacing--10);padding-bottom:var(--wp--preset--spacing--10);padding-left:var(--wp--preset--spacing--10);box-shadow:var(--wp--preset--shadow--natural)\">Contactez-moi<\/a><\/div>\n<\/div>\n<\/div>\n","protected":false},"excerpt":{"rendered":"<p>Bonjour, je suis Katia ! Coach passionn\u00e9e et professionnelle ind\u00e9pendante, j&rsquo;aide les individus et les entreprises \u00e0 tirer le meilleur d&rsquo;eux-m\u00eames. Mon parcours a d\u00e9but\u00e9 dans le monde des RH et de l&rsquo;administration, et cette exp\u00e9rience constitue la base de mon expertise. Ma mission Je suis convaincue que chacun a le droit d&rsquo;avoir une vie [&hellip;]<\/p>\n","protected":false},"author":1,"featured_media":0,"parent":0,"menu_order":0,"comment_status":"closed","ping_status":"closed","template":"","meta":{"footnotes":""},"class_list":["post-65","page","type-page","status-publish","hentry"],"jetpack_sharing_enabled":true,"_links":{"self":[{"href":"https:\/\/fr.coachkatia.be\/index.php?rest_route=\/wp\/v2\/pages\/65","targetHints":{"allow":["GET"]}}],"collection":[{"href":"https:\/\/fr.coachkatia.be\/index.php?rest_route=\/wp\/v2\/pages"}],"about":[{"href":"https:\/\/fr.coachkatia.be\/index.php?rest_route=\/wp\/v2\/types\/page"}],"author":[{"embeddable":true,"href":"https:\/\/fr.coachkatia.be\/index.php?rest_route=\/wp\/v2\/users\/1"}],"replies":[{"embeddable":true,"href":"https:\/\/fr.coachkatia.be\/index.php?rest_route=%2Fwp%2Fv2%2Fcomments&post=65"}],"version-history":[{"count":13,"href":"https:\/\/fr.coachkatia.be\/index.php?rest_route=\/wp\/v2\/pages\/65\/revisions"}],"predecessor-version":[{"id":207,"href":"https:\/\/fr.coachkatia.be\/index.php?rest_route=\/wp\/v2\/pages\/65\/revisions\/207"}],"wp:attachment":[{"href":"https:\/\/fr.coachkatia.be\/index.php?rest_route=%2Fwp%2Fv2%2Fmedia&parent=65"}],"curies":[{"name":"wp","href":"https:\/\/api.w.org\/{rel}","templated":true}]}}